{"id":2,"date":"2010-12-14T07:43:02","date_gmt":"2010-12-14T07:43:02","guid":{"rendered":"http:\/\/laib-und-seele-online.de\/?page_id=2"},"modified":"2021-04-20T06:45:30","modified_gmt":"2021-04-20T06:45:30","slug":"eine-seite","status":"publish","type":"page","link":"http:\/\/laib-und-seele-online.de\/","title":{"rendered":""},"content":{"rendered":"<p><a href=\"http:\/\/laib-und-seele-online.de\/wp-content\/uploads\/2010\/12\/logo_laib_und_seele_1204.jpg\"><img loading=\"lazy\" decoding=\"async\" class=\"alignleft size-full wp-image-71\" title=\"logo_laib_und_seele_120\" src=\"http:\/\/laib-und-seele-online.de\/wp-content\/uploads\/2010\/12\/logo_laib_und_seele_1204.jpg\" alt=\"\" width=\"287\" height=\"120\" \/><\/a>Traditionell hergestellter K\u00e4se von ausge-w\u00e4hlten Bauernh\u00f6fen und kleinen Meiereien aus Milch von Kuh, Schaf, B\u00fcffel und Ziege. Leckerbissen aus Rohmilch, Delikatessen aus dem hohen Norden, dem sonnigen S\u00fcden und einige der besten K\u00e4se Europas.<\/p>\n<table style=\"height: 321px;\" border=\"0\" width=\"703\" cellspacing=\"0\" cellpadding=\"0\">\n<colgroup span=\"1\">\n<col span=\"1\" width=\"52\" \/>\n<col span=\"1\" width=\"288\" \/>\n<col span=\"1\" width=\"212\" \/> <\/colgroup>\n<tbody>\n<tr>\n<td colspan=\"3\" width=\"552\" height=\"26\"><strong>Sie finden uns auf folgenden Wochenm\u00e4rkten:<\/strong><\/td>\n<\/tr>\n<tr>\n<td width=\"52\" height=\"26\"><\/td>\n<td width=\"288\"><strong>Vormittag<\/strong><\/td>\n<td width=\"212\"><strong>Nachmittag<\/strong><\/td>\n<\/tr>\n<tr>\n<td width=\"52\" height=\"26\">Di:<\/td>\n<td width=\"288\"><a title=\"Plathnerstra\u00dfe, Hannover\" href=\"http:\/\/www.hannover.de\/shopping\/Wochen-und_Bauernmaerkte\/woma_lhh\/womastadt\/friedenskirche\/index.html\" target=\"_blank\" rel=\"noopener noreferrer\">Plathnerstra\u00dfe, Hannover-Zoo<\/a><\/td>\n<td width=\"212\"><a title=\"L\u00fcdersen, Springe\" href=\"http:\/\/maps.google.de\/maps?q=l%C3%BCdersen+holtenser+weg+5&amp;ie=UTF8&amp;oe=utf-8&amp;client=firefox-a&amp;hnear=Holtenser+Weg+5,+L%C3%BCdersen+31832+Springe,+Region+Hannover,+Niedersachsen&amp;gl=de&amp;t=h&amp;z=16&amp;vpsrc=0\" target=\"_blank\" rel=\"noopener noreferrer\">Holtenser Weg, L\u00fcdersen<\/a><\/td>\n<\/tr>\n<tr>\n<td width=\"52\" height=\"26\"><\/td>\n<td width=\"288\"><\/td>\n<td width=\"212\"><\/td>\n<\/tr>\n<tr>\n<td width=\"52\" height=\"26\">Do:<\/td>\n<td width=\"288\"><a title=\"Rathausplatz, Hemmingen\" href=\"http:\/\/stadthemmingen.de\/internet\/page.php?site=60&amp;kommune=7&amp;id=7001796\" target=\"_blank\" rel=\"noopener noreferrer\">Rathausplatz, Hemmingen<\/a><\/td>\n<td width=\"212\"><a title=\"Barsinghausen\" href=\"https:\/\/www.google.de\/maps\/place\/Breite+Str.+1,+30890+Barsinghausen\/@52.3030075,9.4604453,20z\/data=!4m5!3m4!1s0x47ba8294baf3e1df:0xa01b361af349819c!8m2!3d52.3032121!4d9.4605271\" target=\"_blank\" rel=\"noopener noreferrer\">Marktstra\u00dfe, Barsinghausen (vor Schuhaus Tebbe)<\/a><\/td>\n<\/tr>\n<tr>\n<td width=\"52\" height=\"26\">Fr:<\/td>\n<td width=\"288\"><a href=\"https:\/\/goo.gl\/maps\/4kkJcK4iqHD2\" target=\"_blank\" rel=\"noopener noreferrer\">Markt, Gronau<\/a><\/td>\n<td width=\"212\"><a title=\"Wennigsen\" href=\"https:\/\/goo.gl\/maps\/4kkJcK4iqHD2\" target=\"_blank\" rel=\"noopener noreferrer\">Markt, Gronau<\/a><\/td>\n<\/tr>\n<tr>\n<td width=\"52\" height=\"26\">Sa:<\/td>\n<td width=\"288\"><a title=\"Neust\u00e4dter Markt, Hildesheim\" href=\"http:\/\/www.hildesheim.de\/staticsite\/staticsite.php?menuid=794&amp;topmenu=4\" target=\"_blank\" rel=\"noopener noreferrer\">Neust\u00e4dter Markt, Hildesheim<\/a><\/td>\n<td width=\"212\"><\/td>\n<\/tr>\n<\/tbody>\n<\/table>\n<p>Kontakt: info[at]laib-und-seele-online.de<\/p>\n","protected":false},"excerpt":{"rendered":"<p>Traditionell hergestellter K\u00e4se von ausge-w\u00e4hlten Bauernh\u00f6fen und kleinen Meiereien aus Milch von Kuh, Schaf, B\u00fcffel und Ziege. Leckerbissen aus Rohmilch, Delikatessen aus dem hohen Norden, dem sonnigen S\u00fcden und einige der besten K\u00e4se Europas. Sie finden uns auf folgenden Wochenm\u00e4rkten: &hellip; <a href=\"http:\/\/laib-und-seele-online.de\/\">Weiterlesen <span class=\"meta-nav\">&rarr;<\/span><\/a><\/p>\n","protected":false},"author":2,"featured_media":67,"parent":0,"menu_order":0,"comment_status":"closed","ping_status":"open","template":"","meta":{"footnotes":""},"class_list":["post-2","page","type-page","status-publish","has-post-thumbnail","hentry"],"_links":{"self":[{"href":"http:\/\/laib-und-seele-online.de\/index.php?rest_route=\/wp\/v2\/pages\/2","targetHints":{"allow":["GET"]}}],"collection":[{"href":"http:\/\/laib-und-seele-online.de\/index.php?rest_route=\/wp\/v2\/pages"}],"about":[{"href":"http:\/\/laib-und-seele-online.de\/index.php?rest_route=\/wp\/v2\/types\/page"}],"author":[{"embeddable":true,"href":"http:\/\/laib-und-seele-online.de\/index.php?rest_route=\/wp\/v2\/users\/2"}],"replies":[{"embeddable":true,"href":"http:\/\/laib-und-seele-online.de\/index.php?rest_route=%2Fwp%2Fv2%2Fcomments&post=2"}],"version-history":[{"count":102,"href":"http:\/\/laib-und-seele-online.de\/index.php?rest_route=\/wp\/v2\/pages\/2\/revisions"}],"predecessor-version":[{"id":576,"href":"http:\/\/laib-und-seele-online.de\/index.php?rest_route=\/wp\/v2\/pages\/2\/revisions\/576"}],"wp:featuredmedia":[{"embeddable":true,"href":"http:\/\/laib-und-seele-online.de\/index.php?rest_route=\/wp\/v2\/media\/67"}],"wp:attachment":[{"href":"http:\/\/laib-und-seele-online.de\/index.php?rest_route=%2Fwp%2Fv2%2Fmedia&parent=2"}],"curies":[{"name":"wp","href":"https:\/\/api.w.org\/{rel}","templated":true}]}}